{"id":1813,"date":"2016-12-02T16:06:20","date_gmt":"2016-12-02T16:06:20","guid":{"rendered":"http:\/\/www.cmsr.com.ar\/medicos\/?page_id=1813"},"modified":"2017-04-06T14:16:35","modified_gmt":"2017-04-06T14:16:35","slug":"neurologia-clinica-y-quirurgica","status":"publish","type":"page","link":"http:\/\/www.cmsr.com.ar\/medicos\/neurologia-clinica-y-quirurgica\/","title":{"rendered":"Neurolog\u00eda Cl\u00ednica y Quir\u00fargica"},"content":{"rendered":"<div class=\"post hentry ivycat-post\"><span class=\"pip-not-found\"><\/span><\/div>\n","protected":false},"excerpt":{"rendered":"","protected":false},"author":1,"featured_media":0,"parent":0,"menu_order":0,"comment_status":"closed","ping_status":"closed","template":"","meta":[],"_links":{"self":[{"href":"http:\/\/www.cmsr.com.ar\/medicos\/wp-json\/wp\/v2\/pages\/1813"}],"collection":[{"href":"http:\/\/www.cmsr.com.ar\/medicos\/wp-json\/wp\/v2\/pages"}],"about":[{"href":"http:\/\/www.cmsr.com.ar\/medicos\/wp-json\/wp\/v2\/types\/page"}],"author":[{"embeddable":true,"href":"http:\/\/www.cmsr.com.ar\/medicos\/wp-json\/wp\/v2\/users\/1"}],"replies":[{"embeddable":true,"href":"http:\/\/www.cmsr.com.ar\/medicos\/wp-json\/wp\/v2\/comments?post=1813"}],"version-history":[{"count":2,"href":"http:\/\/www.cmsr.com.ar\/medicos\/wp-json\/wp\/v2\/pages\/1813\/revisions"}],"predecessor-version":[{"id":2138,"href":"http:\/\/www.cmsr.com.ar\/medicos\/wp-json\/wp\/v2\/pages\/1813\/revisions\/2138"}],"wp:attachment":[{"href":"http:\/\/www.cmsr.com.ar\/medicos\/wp-json\/wp\/v2\/media?parent=1813"}],"curies":[{"name":"wp","href":"https:\/\/api.w.org\/{rel}","templated":true}]}}